{"id":764,"date":"2024-01-18T11:47:08","date_gmt":"2024-01-18T10:47:08","guid":{"rendered":"https:\/\/ibizaprivatedriver.taxi\/servicios\/"},"modified":"2024-08-13T16:36:11","modified_gmt":"2024-08-13T14:36:11","slug":"servicios","status":"publish","type":"page","link":"https:\/\/ibizaprivatedriver.taxi\/es\/servicios\/","title":{"rendered":"Servicios"},"content":{"rendered":"\r\n    <div  class=\"block-mainslider banner-our-services alignfull relative\">\r\n        <div class=\"\">\r\n            <ul class=\"mainslider list-none m-0\">\r\n                            <li class=\"mainslider__item relative\">\r\n                                            <div class=\"mainslider__content relative z-10 h-[100vw] md:h-[685px] lg:h-[1040px] max-h-screen text-white bg-gray-900 bg-opacity-30 p-4 lg:p-12 flex flex-col gap-1 items-center justify-center\">\r\n                                                                                                    <h1 class=\"mainslider__title mx-0 mb-0 mt-10 lg:mt-0 text-center text-2xl md:text-4xl lg:text-[120px]  font-light\">\r\n                                NUESTROS SERVICIOS                            <\/h1>\r\n                        \r\n                        \r\n                                            <\/div>\r\n\r\n                    <picture>\r\n                        <source media=\"(max-width: 600px)\" srcset=\"\">\r\n                        <source media=\"(min-width: 1024px)\" srcset=\"https:\/\/ibizaprivatedriver.taxi\/wp-content\/uploads\/2024\/01\/AdobeStock_664162395.jpg\">\r\n                        <img decoding=\"async\" src=\"https:\/\/ibizaprivatedriver.taxi\/wp-content\/uploads\/2024\/01\/AdobeStock_664162395.jpg\" data-src=\"https:\/\/ibizaprivatedriver.taxi\/wp-content\/uploads\/2024\/01\/AdobeStock_664162395.jpg\" class=\"w-full h-full absolute object-cover inset-0 z-0\" alt=\"\" loading=\"eager\" fetchpriority=\"high\" data->\r\n                    <\/picture>\r\n\r\n                <\/li>\r\n                                        <\/ul>\r\n        <\/div>\r\n\r\n    <\/div>\r\n\n\n\n\n<section  class=\"block-post-type-list post-type-list-our-services py-8 lg:py-16\">\n\n        <div class=\"\">\n            <div class=\"mb-6\">\n                                            <\/div>\n\n                                                        <div class=\"grid gap-8 lg:grid-cols-3\">\n                                                                                \n<a href=\"https:\/\/ibizaprivatedriver.taxi\/es\/servicio\/chauffeur-en-ibiza\/\" class=\"splide__slide border border-secondary rounded-xl bg-secondary p-8 relative flex flex-col justify-between\">\n    <img decoding=\"async\" class=\"absolute top-[-15px] right-[10%]\" src=\"https:\/\/ibizaprivatedriver.taxi\/wp-content\/themes\/ltw-aqua\/assets\/img\/star.svg\" alt=\"star\">\n    <div class=\"flex-grow\">\n        <h3 class=\"mb-4 text-xl\">Chauffeur en Ibiza \u2013 Servicios Exclusivos de Transporte de Lujo<\/h3>\n        <p class=\"mb-4 text-[16px] text-gray-700\">Descubre la combinaci\u00f3n perfecta de lujo y comodidad con nuestro servicio de chauffeur en Ibiza. Ya sea para negocios, un evento especial o explorar los rincones m\u00e1s ocultos de la isla, nuestro servicio de ch\u00f3fer privado en Ibiza garantiza una experiencia fluida, elegante y sin estr\u00e9s, dise\u00f1ada a tu medida.<\/p>\n\t<\/div>\n    <span class=\"button-link\">Read more<\/span>\n<\/a>\n\n<a href=\"https:\/\/ibizaprivatedriver.taxi\/es\/servicio\/transfer-ibiza-por-horas-o-dias\/\" class=\"splide__slide border border-secondary rounded-xl bg-secondary p-8 relative flex flex-col justify-between\">\n    <img decoding=\"async\" class=\"absolute top-[-15px] right-[10%]\" src=\"https:\/\/ibizaprivatedriver.taxi\/wp-content\/themes\/ltw-aqua\/assets\/img\/star.svg\" alt=\"star\">\n    <div class=\"flex-grow\">\n        <h3 class=\"mb-4 text-xl\">Transfer Ibiza por horas o d\u00edas<\/h3>\n        <p class=\"mb-4 text-[16px] text-gray-700\">Nuestro servicio de traslados est\u00e1 disponible las 24 horas del d\u00eda, los 7 d\u00edas de la semana. Puede contratar a su ch\u00f3fer privado por horas y por d\u00edas, seg\u00fan lo que m\u00e1s le convenga a sus necesidades.<\/p>\n\t<\/div>\n    <span class=\"button-link\">Read more<\/span>\n<\/a>\n\n<a href=\"https:\/\/ibizaprivatedriver.taxi\/es\/servicio\/eventos-y-transferencia-de-negocios-ibiza\/\" class=\"splide__slide border border-secondary rounded-xl bg-secondary p-8 relative flex flex-col justify-between\">\n    <img decoding=\"async\" class=\"absolute top-[-15px] right-[10%]\" src=\"https:\/\/ibizaprivatedriver.taxi\/wp-content\/themes\/ltw-aqua\/assets\/img\/star.svg\" alt=\"star\">\n    <div class=\"flex-grow\">\n        <h3 class=\"mb-4 text-xl\">Eventos y Traslados de Negocios Ibiza<\/h3>\n        <p class=\"mb-4 text-[16px] text-gray-700\">Ofrecemos soluciones de transporte personalizadas. Hemos trabajado en muchos eventos, desde eventos privados a bodas y eventos corporativos para empresas internacionales.<\/p>\n\t<\/div>\n    <span class=\"button-link\">Read more<\/span>\n<\/a>\n\n<a href=\"https:\/\/ibizaprivatedriver.taxi\/es\/servicio\/servicios-de-conserjeria-ibiza\/\" class=\"splide__slide border border-secondary rounded-xl bg-secondary p-8 relative flex flex-col justify-between\">\n    <img decoding=\"async\" class=\"absolute top-[-15px] right-[10%]\" src=\"https:\/\/ibizaprivatedriver.taxi\/wp-content\/themes\/ltw-aqua\/assets\/img\/star.svg\" alt=\"star\">\n    <div class=\"flex-grow\">\n        <h3 class=\"mb-4 text-xl\">Servicios de conserjer\u00eda Ibiza<\/h3>\n        <p class=\"mb-4 text-[16px] text-gray-700\">Trabajamos con proveedores profesionales de la isla. Cumplimos cualquier otro requisito de nuestros clientes: Mesas VIP, entradas, reserva de yates, reserva de restaurantes, entregas, alquiler de coches o soluciones de bienestar.<\/p>\n\t<\/div>\n    <span class=\"button-link\">Read more<\/span>\n<\/a>\n\n<a href=\"https:\/\/ibizaprivatedriver.taxi\/es\/servicio\/yates-puertos-ibiza-transfer\/\" class=\"splide__slide border border-secondary rounded-xl bg-secondary p-8 relative flex flex-col justify-between\">\n    <img decoding=\"async\" class=\"absolute top-[-15px] right-[10%]\" src=\"https:\/\/ibizaprivatedriver.taxi\/wp-content\/themes\/ltw-aqua\/assets\/img\/star.svg\" alt=\"star\">\n    <div class=\"flex-grow\">\n        <h3 class=\"mb-4 text-xl\">Yates &amp; Puertos Ibiza Transfer<\/h3>\n        <p class=\"mb-4 text-[16px] text-gray-700\">Servicio de ch\u00f3fer desde su yate. La contrataci\u00f3n de un servicio de ch\u00f3fer privado es muy popular en el sector n\u00e1utico. Este tipo de servicio est\u00e1 disponible para la tripulaci\u00f3n, los propietarios y los invitados.<\/p>\n\t<\/div>\n    <span class=\"button-link\">Read more<\/span>\n<\/a>\n\n<a href=\"https:\/\/ibizaprivatedriver.taxi\/es\/servicio\/vida-nocturna-y-fiestas-traslado-ibiza\/\" class=\"splide__slide border border-secondary rounded-xl bg-secondary p-8 relative flex flex-col justify-between\">\n    <img decoding=\"async\" class=\"absolute top-[-15px] right-[10%]\" src=\"https:\/\/ibizaprivatedriver.taxi\/wp-content\/themes\/ltw-aqua\/assets\/img\/star.svg\" alt=\"star\">\n    <div class=\"flex-grow\">\n        <h3 class=\"mb-4 text-xl\">Vida nocturna y fiestas Traslado Ibiza<\/h3>\n        <p class=\"mb-4 text-[16px] text-gray-700\">Le llevamos a\/desde Restaurantes, Clubs de Playa, Centro de la Ciudad, Discotecas y Fiestas Privadas.<\/p>\n\t<\/div>\n    <span class=\"button-link\">Read more<\/span>\n<\/a>\n\n<a href=\"https:\/\/ibizaprivatedriver.taxi\/es\/servicio\/tours-y-excursiones-ibiza\/\" class=\"splide__slide border border-secondary rounded-xl bg-secondary p-8 relative flex flex-col justify-between\">\n    <img decoding=\"async\" class=\"absolute top-[-15px] right-[10%]\" src=\"https:\/\/ibizaprivatedriver.taxi\/wp-content\/themes\/ltw-aqua\/assets\/img\/star.svg\" alt=\"star\">\n    <div class=\"flex-grow\">\n        <h3 class=\"mb-4 text-xl\">Tours y Excursiones Ibiza<\/h3>\n        <p class=\"mb-4 text-[16px] text-gray-700\">Disfruta y descubre hermosos paisajes, las mejores playas y los lugares m\u00e1s escondidos de IBIZA. Prep\u00e1rese para una aut\u00e9ntica experiencia tur\u00edstica.<\/p>\n\t<\/div>\n    <span class=\"button-link\">Read more<\/span>\n<\/a>\n\n<a href=\"https:\/\/ibizaprivatedriver.taxi\/es\/servicio\/villas-hoteles-transfer-ibiza\/\" class=\"splide__slide border border-secondary rounded-xl bg-secondary p-8 relative flex flex-col justify-between\">\n    <img decoding=\"async\" class=\"absolute top-[-15px] right-[10%]\" src=\"https:\/\/ibizaprivatedriver.taxi\/wp-content\/themes\/ltw-aqua\/assets\/img\/star.svg\" alt=\"star\">\n    <div class=\"flex-grow\">\n        <h3 class=\"mb-4 text-xl\">Villas &amp; Hoteles Transfer Ibiza<\/h3>\n        <p class=\"mb-4 text-[16px] text-gray-700\">Tenemos experiencia trabajando para villas privadas y los hoteles de lujo de la isla. El servicio ofrec\u00eda una opci\u00f3n agradable y c\u00f3moda para grupos y familias alojados en villas.<\/p>\n\t<\/div>\n    <span class=\"button-link\">Read more<\/span>\n<\/a>\n\n<a href=\"https:\/\/ibizaprivatedriver.taxi\/es\/servicio\/traslados-aeropuerto-ibiza\/\" class=\"splide__slide border border-secondary rounded-xl bg-secondary p-8 relative flex flex-col justify-between\">\n    <img decoding=\"async\" class=\"absolute top-[-15px] right-[10%]\" src=\"https:\/\/ibizaprivatedriver.taxi\/wp-content\/themes\/ltw-aqua\/assets\/img\/star.svg\" alt=\"star\">\n    <div class=\"flex-grow\">\n        <h3 class=\"mb-4 text-xl\">Traslados Aeropuerto Ibiza<\/h3>\n        <p class=\"mb-4 text-[16px] text-gray-700\">Organice sus traslados privados de llegada y salida desde el Aeropuerto de Ibiza (IBZ) hasta su Hotel\/Villa Privada. Podemos proporcionar transporte en toda la isla.<\/p>\n\t<\/div>\n    <span class=\"button-link\">Read more<\/span>\n<\/a>\n                                            <\/div>\n                                \n            \n\n        <\/div>\n\n<\/section>\n<section  class=\"py-16 block-base \"> <!-- section -->\n\n    <div class=\"\"> <!-- if is a full width section, apply container -->\n\n\t\t\n\t\t\t<h2 class=\"pb-6 text-3xl text-center uppercase\">OUR FLEET<\/h2>\n\n\t\t\n\t\t\n\t\t\t<div data-aos=\"fade-up\" class=\"grid grid-cols-1 md:grid-cols-2 gap-8\">\n\n\t\t\t\t\t\t\t\t\t\n\t\t\t\t\t\n\t\t\t\t\t<a href=\"https:\/\/ibizaprivatedriver.taxi\/es\/producto\/minivan\/\">\n\t\t\t\t\t\t<article class=\"car-card h-96 md:h-[800px] rounded-3xl bg-no-repeat bg-cover bg-center\" style=\"background-image: url('https:\/\/ibizaprivatedriver.taxi\/wp-content\/uploads\/2024\/01\/PHOTO-2023-05-27-17-39-33-1.jpg')\">\n\t\t\t\t\t\t\t<div class=\"w-full h-full flex flex-col items-center justify-between py-8\">\n\t\t\t\t\t\t\t\t<h3 class=\"text-6xl lg:text-[90px] xl:text-[120px] text-center text-wrap uppercase text-white\">Mercedes V-Class<\/h3>\n\t\t\t\t\t\t\t\t<div class=\"flex items-center justify-center border border-white rounded-xl bg-white p-3\"><i class=\"icon-seating\"><\/i><p class=\"text-[22px] text-gray-700 m-0\">7 plazas<\/p><\/div>\n\t\t\t\t\t\t\t<\/div>\n\t\t\t\t\t\t<\/article>\n\t\t\t\t\t<\/a>\n\n\t\t\t\t\t\t\t\t\t\n\t\t\t\t\t\n\t\t\t\t\t<a href=\"https:\/\/ibizaprivatedriver.taxi\/es\/producto\/van\/\">\n\t\t\t\t\t\t<article class=\"car-card h-96 md:h-[800px] rounded-3xl bg-no-repeat bg-cover bg-center\" style=\"background-image: url('https:\/\/ibizaprivatedriver.taxi\/wp-content\/uploads\/2024\/01\/PHOTO-2023-05-27-17-39-43-3.jpg')\">\n\t\t\t\t\t\t\t<div class=\"w-full h-full flex flex-col items-center justify-between py-8\">\n\t\t\t\t\t\t\t\t<h3 class=\"text-6xl lg:text-[90px] xl:text-[120px] text-center text-wrap uppercase text-white\">Mercedes Sprinter<\/h3>\n\t\t\t\t\t\t\t\t<div class=\"flex items-center justify-center border border-white rounded-xl bg-white p-3\"><i class=\"icon-seating\"><\/i><p class=\"text-[22px] text-gray-700 m-0\">10 plazas<\/p><\/div>\n\t\t\t\t\t\t\t<\/div>\n\t\t\t\t\t\t<\/article>\n\t\t\t\t\t<\/a>\n\n\t\t\t\t\n\t\t\t\t\n\t\t\t<\/div>\n\n\t\t\n\t<\/div>\n\n<\/section>","protected":false},"excerpt":{"rendered":"","protected":false},"author":2,"featured_media":0,"parent":0,"menu_order":0,"comment_status":"closed","ping_status":"closed","template":"","meta":{"_acf_changed":false,"footnotes":""},"class_list":["post-764","page","type-page","status-publish","hentry"],"acf":[],"_links":{"self":[{"href":"https:\/\/ibizaprivatedriver.taxi\/es\/wp-json\/wp\/v2\/pages\/764","targetHints":{"allow":["GET"]}}],"collection":[{"href":"https:\/\/ibizaprivatedriver.taxi\/es\/wp-json\/wp\/v2\/pages"}],"about":[{"href":"https:\/\/ibizaprivatedriver.taxi\/es\/wp-json\/wp\/v2\/types\/page"}],"author":[{"embeddable":true,"href":"https:\/\/ibizaprivatedriver.taxi\/es\/wp-json\/wp\/v2\/users\/2"}],"replies":[{"embeddable":true,"href":"https:\/\/ibizaprivatedriver.taxi\/es\/wp-json\/wp\/v2\/comments?post=764"}],"version-history":[{"count":2,"href":"https:\/\/ibizaprivatedriver.taxi\/es\/wp-json\/wp\/v2\/pages\/764\/revisions"}],"predecessor-version":[{"id":1227,"href":"https:\/\/ibizaprivatedriver.taxi\/es\/wp-json\/wp\/v2\/pages\/764\/revisions\/1227"}],"wp:attachment":[{"href":"https:\/\/ibizaprivatedriver.taxi\/es\/wp-json\/wp\/v2\/media?parent=764"}],"curies":[{"name":"wp","href":"https:\/\/api.w.org\/{rel}","templated":true}]}}