{"id":1349,"date":"2025-07-07T17:09:00","date_gmt":"2025-07-07T15:09:00","guid":{"rendered":"https:\/\/ibizaprivatedriver.taxi\/?post_type=product&#038;p=1349"},"modified":"2025-07-14T09:38:27","modified_gmt":"2025-07-14T07:38:27","slug":"mercedes-gls","status":"publish","type":"product","link":"https:\/\/ibizaprivatedriver.taxi\/es\/producto\/mercedes-gls\/","title":{"rendered":"Mercedes GLS"},"content":{"rendered":"\r\n    <div  class=\"block-mainslider alignfull relative\">\r\n        <div class=\"\">\r\n            <ul class=\"mainslider list-none m-0\">\r\n                            <li class=\"mainslider__item relative\">\r\n                                            <div class=\"mainslider__content relative z-10 h-[100vw] md:h-[685px] lg:h-[1040px] max-h-screen text-white bg-gray-900 bg-opacity-30 p-4 lg:p-12 flex flex-col gap-1 items-center justify-center\">\r\n                                                                                                    <h1 class=\"mainslider__title mx-0 mb-0 mt-10 lg:mt-0 text-center text-2xl md:text-4xl lg:text-[120px]  font-light\">\r\n                                Ch\u00f3fer por horas en Ibiza                            <\/h1>\r\n                        \r\n                        \r\n                                                    <a href=\"\/es\/contacto\/\" class=\"mainslider__btn btn button-primary\">\r\n                                Reservar ahora                            <\/a>\r\n                                            <\/div>\r\n\r\n                    <picture>\r\n                        <source media=\"(max-width: 600px)\" srcset=\"https:\/\/ibizaprivatedriver.taxi\/wp-content\/uploads\/2025\/07\/image00004-scaled.jpeg\">\r\n                        <source media=\"(min-width: 1024px)\" srcset=\"https:\/\/ibizaprivatedriver.taxi\/wp-content\/uploads\/2025\/07\/image00004-scaled.jpeg\">\r\n                        <img decoding=\"async\" src=\"https:\/\/ibizaprivatedriver.taxi\/wp-content\/uploads\/2025\/07\/image00004-scaled.jpeg\" data-src=\"https:\/\/ibizaprivatedriver.taxi\/wp-content\/uploads\/2025\/07\/image00004-scaled.jpeg\" class=\"w-full h-full absolute object-cover inset-0 z-0\" alt=\"\" loading=\"eager\" fetchpriority=\"high\" data->\r\n                    <\/picture>\r\n\r\n                <\/li>\r\n                                        <\/ul>\r\n        <\/div>\r\n\r\n    <\/div>\r\n\n\n\n    <div  class=\"block-secondslider alignfull grid xl:grid-cols-3 gap-8 pt-8\">\n                                <picture>\n                        <source media=\"(max-width: 600px)\" srcset=\"https:\/\/ibizaprivatedriver.taxi\/wp-content\/uploads\/2025\/07\/image00010-scaled.jpeg\">\n                        <source media=\"(min-width: 1024px)\" srcset=\"https:\/\/ibizaprivatedriver.taxi\/wp-content\/uploads\/2025\/07\/image00010-scaled.jpeg\">\n                        <img decoding=\"async\" src=\"https:\/\/ibizaprivatedriver.taxi\/wp-content\/uploads\/2025\/07\/image00010-scaled.jpeg\" data-src=\"https:\/\/ibizaprivatedriver.taxi\/wp-content\/uploads\/2025\/07\/image00010-scaled.jpeg\" class=\"w-full h-full object-cover inset-0 z-0\" alt=\"\" loading=\"eager\" fetchpriority=\"high\" data->\n                    <\/picture>\n                                <picture>\n                        <source media=\"(max-width: 600px)\" srcset=\"https:\/\/ibizaprivatedriver.taxi\/wp-content\/uploads\/2025\/07\/image00008-scaled.jpeg\">\n                        <source media=\"(min-width: 1024px)\" srcset=\"https:\/\/ibizaprivatedriver.taxi\/wp-content\/uploads\/2025\/07\/image00008-scaled.jpeg\">\n                        <img decoding=\"async\" src=\"https:\/\/ibizaprivatedriver.taxi\/wp-content\/uploads\/2025\/07\/image00008-scaled.jpeg\" data-src=\"https:\/\/ibizaprivatedriver.taxi\/wp-content\/uploads\/2025\/07\/image00008-scaled.jpeg\" class=\"w-full h-full object-cover inset-0 z-0\" alt=\"\" loading=\"eager\" fetchpriority=\"high\" data->\n                    <\/picture>\n                                <picture>\n                        <source media=\"(max-width: 600px)\" srcset=\"https:\/\/ibizaprivatedriver.taxi\/wp-content\/uploads\/2025\/07\/image00006-scaled.jpeg\">\n                        <source media=\"(min-width: 1024px)\" srcset=\"https:\/\/ibizaprivatedriver.taxi\/wp-content\/uploads\/2025\/07\/image00006-scaled.jpeg\">\n                        <img decoding=\"async\" src=\"https:\/\/ibizaprivatedriver.taxi\/wp-content\/uploads\/2025\/07\/image00006-scaled.jpeg\" data-src=\"https:\/\/ibizaprivatedriver.taxi\/wp-content\/uploads\/2025\/07\/image00006-scaled.jpeg\" class=\"w-full h-full object-cover inset-0 z-0\" alt=\"\" loading=\"eager\" fetchpriority=\"high\" data->\n                    <\/picture>\n            \n    <\/div>\n\n\n\n<section  class=\"py-32 block-base \"> <!-- section -->\n\n    <div data-aos=\"zoom-in-up\" class=\"\"> <!-- if is a full width section, apply container -->\n\n\t\t\t\t\t\n\t\t\t<h2 class=\"title-section col-span-1\">Informaci\u00f3n complementaria<\/h2>\n\n\t\t\n\t\t\n\t\t\t<div class=\"grid grid-cols-1 md:grid-cols-3 col-span-3 mx-4 grid-posts gap-7 \">\n\n\t\t\t\t\n\t\t\t\t\t<div class=\"col-span-1 border-solid border-l border-gray-200 pl-8 py-4 additional-info-repeater\">\n\t\t\t\t\t\t<h3 class=\"text-xl mb-4\">Resumen del coche<\/h3>\n\t\t\t\t\t\t<p>El Mercedes GLS es la opci\u00f3n definitiva para un servicio de ch\u00f3fer por horas en Ibiza, combinando como ning\u00fan otro veh\u00edculo el lujo, el confort y el alto rendimiento. Dise\u00f1ado para ofrecer una experiencia excepcional tanto al conductor como a los pasajeros, este SUV redefine el transporte de alta gama. Con una tecnolog\u00eda de vanguardia y un interior amplio y sofisticado, el Mercedes GLS garantiza que cada trayecto sea inolvidable. Es perfecto para traslados ejecutivos, escapadas exclusivas y cualquier ocasi\u00f3n en la que la elegancia y la fiabilidad sean esenciales.<\/p>\n\t\t\t\t\t<\/div>\n\n\t\t\t\t\n\t\t\t\t\t<div class=\"col-span-1 border-solid border-l border-gray-200 pl-8 py-4 additional-info-repeater\">\n\t\t\t\t\t\t<h3 class=\"text-xl mb-4\">Caracter\u00edsticas clave de la Mercedes GLS<\/h3>\n\t\t\t\t\t\t<ul>\n<li data-start=\"95\" data-end=\"125\">\n<p data-start=\"97\" data-end=\"125\">Tapicer\u00eda de cuero de lujo<\/p>\n<\/li>\n<li data-start=\"126\" data-end=\"194\">\n<p data-start=\"128\" data-end=\"194\">Sistema de infoentretenimiento MBUX avanzado con control por voz<\/p>\n<\/li>\n<li data-start=\"195\" data-end=\"232\">\n<p data-start=\"197\" data-end=\"232\">Techo solar panor\u00e1mico deslizante<\/p>\n<\/li>\n<li data-start=\"233\" data-end=\"278\">\n<p data-start=\"235\" data-end=\"278\">Suspensi\u00f3n neum\u00e1tica adaptativa AIRMATIC\u00ae<\/p>\n<\/li>\n<li data-start=\"279\" data-end=\"339\">\n<p data-start=\"281\" data-end=\"339\">Sistema de sonido envolvente Burmester\u00ae con 13 altavoces<\/p>\n<\/li>\n<li data-start=\"340\" data-end=\"423\">\n<p data-start=\"342\" data-end=\"423\">Sistemas de seguridad activa, incluidos Active Brake Assist y Blind Spot Assist<\/p>\n<\/li>\n<li data-start=\"424\" data-end=\"505\">\n<p data-start=\"426\" data-end=\"505\">Configuraci\u00f3n espaciosa de 6 plazas con segunda fila ajustable el\u00e9ctricamente<\/p>\n<\/li>\n<li data-start=\"506\" data-end=\"569\">\n<p data-start=\"508\" data-end=\"569\">Iluminaci\u00f3n ambiental LED interior con 64 opciones de color<\/p>\n<\/li>\n<\/ul>\n\t\t\t\t\t<\/div>\n\n\t\t\t\t\n\t\t\t\t\t<div class=\"col-span-1 border-solid border-l border-gray-200 pl-8 py-4 additional-info-repeater\">\n\t\t\t\t\t\t<h3 class=\"text-xl mb-4\">Servicios adicionales<\/h3>\n\t\t\t\t\t\t<ul>\n<li>Eventos de empresa y reuniones de negocios<\/li>\n<li>Traslados al aeropuerto para grupos<\/li>\n<li>Bodas y ocasiones especiales<\/li>\n<li>Visitas personalizadas<\/li>\n<li>Servicios de transporte para eventos<\/li>\n<\/ul>\n\t\t\t\t\t<\/div>\n\n\t\t\t\t\n\t\t\t<\/div>\n\n\t\t\n\t\t\n\t\t\t<div class=\"text-center\">\n\t\t\t\t<a class=\"button-primary text-center mt-8\" href=\"\/es\/contacto\/\">Reservar ahora<\/a>\n\t\t\t<\/div>\n\t\t\t\n\n\t\t\n\t<\/div>\n\n<\/section>\n\n    <section  class=\"block-banners py-8 lg:py-16 grid md:grid-cols-2 justify-center items-center gap-12 overflow-hidden\">\n\n        <div data-aos=\"fade-left\" class=\"lg:order-2\">\n\n            \n                <img decoding=\"async\" class=\"w-full h-auto rounded-lg\" src=\"https:\/\/ibizaprivatedriver.taxi\/wp-content\/uploads\/2025\/07\/image00005-scaled.jpeg\" alt=\"image00005\">\n\n                    \n        <\/div>\n\n        <div data-aos=\"fade-right\" class=\"lg:order-1 text-center md:text-start\">\n            <h2 class=\"h1\">\u00bfQu\u00e9 incluye nuestro servicio de ch\u00f3fer por horas en Ibiza?<\/h2>\n            <p><p>Con el <strong>servicio de ch\u00f3fer por horas en Ibiza<\/strong> con el Mercedes GLS, disfrutar\u00e1s de un trayecto premium, a demanda, con un conductor privado a tu disposici\u00f3n durante todo el periodo de alquiler.<\/p>\n<ul>\n<li><strong>Recogida en aeropuerto o puerto:<\/strong> Empieza tu experiencia sin estr\u00e9s con recogida directa en el Aeropuerto de Ibiza o en el puerto.<\/li>\n<li><strong>Ch\u00f3fer privado:<\/strong> Un conductor profesional exclusivo para ti, que te ofrecer\u00e1 asistencia personalizada durante las 12 horas del servicio.<\/li>\n<li><strong>Servicio flexible:<\/strong> \u00bfNecesitas desplazarte a alg\u00fan sitio? Solicita tu trayecto en cualquier momento dentro del periodo contratado.<\/li>\n<li><strong>Asistencia exclusiva:<\/strong> Tu ch\u00f3fer actuar\u00e1 como asistente personal, disponible para ayudarte con cualquier petici\u00f3n o cambio en tu itinerario durante tu estancia en Ibiza.<\/li>\n<\/ul>\n<\/p>\n                    <\/div>\n\n    <\/section>\n\n\n\r\n<section  class=\"!overflow-x-hidden py-32 block-base \"> <!-- section -->\r\n\r\n    <div class=\"grid grid-cols-1 xl:grid-cols-3 \"> <!-- if is a full width section, apply container -->\r\n\r\n\t\t\r\n\t\t\t<h2 data-aos=\"fade-left\" class=\"mb-4 text-[49px] lg:text-[87px] col-span-1 uppercase hyphens-auto\">\u00bfQu\u00e9 ofrecemos?<\/h2>\r\n\r\n\t\t\r\n\t\t<div class=\"col-span-2\">\r\n\r\n\t\t\t<!-- Classes grid grid-cols-1 md:grid-cols-2 mx-4 gap-8 slider-service-cards -->\r\n\t\t\t\t<div class=\"slider-service-cards splide\">\r\n\t\t\t\t\r\n\t\t\t\t\t<div class=\"splide__track\">\r\n\r\n\t\t\t\t\t\t<ul class=\"splide__list\">\r\n\r\n\t\t\t\t\t\t\t\t\t\t\t\t\t\t\t\r\n\t\t\t\t\t\t\t\t\n<a href=\"https:\/\/ibizaprivatedriver.taxi\/es\/servicio\/transfer-ibiza-por-horas-o-dias\/\" class=\"splide__slide border border-secondary rounded-xl bg-secondary p-8 relative flex flex-col justify-between\">\n    <img decoding=\"async\" class=\"absolute top-[-15px] right-[10%]\" src=\"https:\/\/ibizaprivatedriver.taxi\/wp-content\/themes\/ltw-aqua\/assets\/img\/star.svg\" alt=\"star\">\n    <div class=\"flex-grow\">\n        <h3 class=\"mb-4 text-xl\">Transfer Ibiza por horas o d\u00edas<\/h3>\n        <p class=\"mb-4 text-[16px] text-gray-700\">Nuestro servicio de traslados est\u00e1 disponible las 24 horas del d\u00eda, los 7 d\u00edas de la semana. Puede contratar a su ch\u00f3fer privado por horas y por d\u00edas, seg\u00fan lo que m\u00e1s le convenga a sus necesidades.<\/p>\n\t<\/div>\n    <span class=\"button-link\">Read more<\/span>\n<\/a>\n\r\n\t\t\t\t\t\t\t\t\t\t\t\t\t\t\t\r\n\t\t\t\t\t\t\t\t\n<a href=\"https:\/\/ibizaprivatedriver.taxi\/es\/servicio\/yates-puertos-ibiza-transfer\/\" class=\"splide__slide border border-secondary rounded-xl bg-secondary p-8 relative flex flex-col justify-between\">\n    <img decoding=\"async\" class=\"absolute top-[-15px] right-[10%]\" src=\"https:\/\/ibizaprivatedriver.taxi\/wp-content\/themes\/ltw-aqua\/assets\/img\/star.svg\" alt=\"star\">\n    <div class=\"flex-grow\">\n        <h3 class=\"mb-4 text-xl\">Yates &amp; Puertos Ibiza Transfer<\/h3>\n        <p class=\"mb-4 text-[16px] text-gray-700\">Servicio de ch\u00f3fer desde su yate. La contrataci\u00f3n de un servicio de ch\u00f3fer privado es muy popular en el sector n\u00e1utico. Este tipo de servicio est\u00e1 disponible para la tripulaci\u00f3n, los propietarios y los invitados.<\/p>\n\t<\/div>\n    <span class=\"button-link\">Read more<\/span>\n<\/a>\n\r\n\t\t\t\t\t\t\t\t\t\t\t\t\t\t\t\r\n\t\t\t\t\t\t\t\t\n<a href=\"https:\/\/ibizaprivatedriver.taxi\/es\/servicio\/eventos-y-transferencia-de-negocios-ibiza\/\" class=\"splide__slide border border-secondary rounded-xl bg-secondary p-8 relative flex flex-col justify-between\">\n    <img decoding=\"async\" class=\"absolute top-[-15px] right-[10%]\" src=\"https:\/\/ibizaprivatedriver.taxi\/wp-content\/themes\/ltw-aqua\/assets\/img\/star.svg\" alt=\"star\">\n    <div class=\"flex-grow\">\n        <h3 class=\"mb-4 text-xl\">Eventos y Traslados de Negocios Ibiza<\/h3>\n        <p class=\"mb-4 text-[16px] text-gray-700\">Ofrecemos soluciones de transporte personalizadas. Hemos trabajado en muchos eventos, desde eventos privados a bodas y eventos corporativos para empresas internacionales.<\/p>\n\t<\/div>\n    <span class=\"button-link\">Read more<\/span>\n<\/a>\n\r\n\t\t\t\t\t\t\t\t\t\t\t\t\t\t\t\r\n\t\t\t\t\t\t\t\t\n<a href=\"https:\/\/ibizaprivatedriver.taxi\/es\/servicio\/vida-nocturna-y-fiestas-traslado-ibiza\/\" class=\"splide__slide border border-secondary rounded-xl bg-secondary p-8 relative flex flex-col justify-between\">\n    <img decoding=\"async\" class=\"absolute top-[-15px] right-[10%]\" src=\"https:\/\/ibizaprivatedriver.taxi\/wp-content\/themes\/ltw-aqua\/assets\/img\/star.svg\" alt=\"star\">\n    <div class=\"flex-grow\">\n        <h3 class=\"mb-4 text-xl\">Vida nocturna y fiestas Traslado Ibiza<\/h3>\n        <p class=\"mb-4 text-[16px] text-gray-700\">Le llevamos a\/desde Restaurantes, Clubs de Playa, Centro de la Ciudad, Discotecas y Fiestas Privadas.<\/p>\n\t<\/div>\n    <span class=\"button-link\">Read more<\/span>\n<\/a>\n\r\n\t\t\t\t\t\t\t\t\t\t\t\t\t\t\t\r\n\t\t\t\t\t\t\t\t\n<a href=\"https:\/\/ibizaprivatedriver.taxi\/es\/servicio\/tours-y-excursiones-ibiza\/\" class=\"splide__slide border border-secondary rounded-xl bg-secondary p-8 relative flex flex-col justify-between\">\n    <img decoding=\"async\" class=\"absolute top-[-15px] right-[10%]\" src=\"https:\/\/ibizaprivatedriver.taxi\/wp-content\/themes\/ltw-aqua\/assets\/img\/star.svg\" alt=\"star\">\n    <div class=\"flex-grow\">\n        <h3 class=\"mb-4 text-xl\">Tours y Excursiones Ibiza<\/h3>\n        <p class=\"mb-4 text-[16px] text-gray-700\">Disfruta y descubre hermosos paisajes, las mejores playas y los lugares m\u00e1s escondidos de IBIZA. Prep\u00e1rese para una aut\u00e9ntica experiencia tur\u00edstica.<\/p>\n\t<\/div>\n    <span class=\"button-link\">Read more<\/span>\n<\/a>\n\r\n\t\t\t\t\t\t\t\t\t\t\t\t\t\t\t\r\n\t\t\t\t\t\t\t\t\n<a href=\"https:\/\/ibizaprivatedriver.taxi\/es\/servicio\/villas-hoteles-transfer-ibiza\/\" class=\"splide__slide border border-secondary rounded-xl bg-secondary p-8 relative flex flex-col justify-between\">\n    <img decoding=\"async\" class=\"absolute top-[-15px] right-[10%]\" src=\"https:\/\/ibizaprivatedriver.taxi\/wp-content\/themes\/ltw-aqua\/assets\/img\/star.svg\" alt=\"star\">\n    <div class=\"flex-grow\">\n        <h3 class=\"mb-4 text-xl\">Villas &amp; Hoteles Transfer Ibiza<\/h3>\n        <p class=\"mb-4 text-[16px] text-gray-700\">Tenemos experiencia trabajando para villas privadas y los hoteles de lujo de la isla. El servicio ofrec\u00eda una opci\u00f3n agradable y c\u00f3moda para grupos y familias alojados en villas.<\/p>\n\t<\/div>\n    <span class=\"button-link\">Read more<\/span>\n<\/a>\n\r\n\t\t\t\t\t\t\t\t\t\t\t\t\t\t\t\r\n\t\t\t\t\t\t\t\t\n<a href=\"https:\/\/ibizaprivatedriver.taxi\/es\/servicio\/servicios-de-conserjeria-ibiza\/\" class=\"splide__slide border border-secondary rounded-xl bg-secondary p-8 relative flex flex-col justify-between\">\n    <img decoding=\"async\" class=\"absolute top-[-15px] right-[10%]\" src=\"https:\/\/ibizaprivatedriver.taxi\/wp-content\/themes\/ltw-aqua\/assets\/img\/star.svg\" alt=\"star\">\n    <div class=\"flex-grow\">\n        <h3 class=\"mb-4 text-xl\">Servicios de conserjer\u00eda Ibiza<\/h3>\n        <p class=\"mb-4 text-[16px] text-gray-700\">Trabajamos con proveedores profesionales de la isla. Cumplimos cualquier otro requisito de nuestros clientes: Mesas VIP, entradas, reserva de yates, reserva de restaurantes, entregas, alquiler de coches o soluciones de bienestar.<\/p>\n\t<\/div>\n    <span class=\"button-link\">Read more<\/span>\n<\/a>\n\r\n\t\t\t\t\t\t\t\t\t\t\t\t\t\t\t\r\n\t\t\t\t\t\t\t\t\n<a href=\"https:\/\/ibizaprivatedriver.taxi\/es\/servicio\/traslados-aeropuerto-ibiza\/\" class=\"splide__slide border border-secondary rounded-xl bg-secondary p-8 relative flex flex-col justify-between\">\n    <img decoding=\"async\" class=\"absolute top-[-15px] right-[10%]\" src=\"https:\/\/ibizaprivatedriver.taxi\/wp-content\/themes\/ltw-aqua\/assets\/img\/star.svg\" alt=\"star\">\n    <div class=\"flex-grow\">\n        <h3 class=\"mb-4 text-xl\">Traslados Aeropuerto Ibiza<\/h3>\n        <p class=\"mb-4 text-[16px] text-gray-700\">Organice sus traslados privados de llegada y salida desde el Aeropuerto de Ibiza (IBZ) hasta su Hotel\/Villa Privada. Podemos proporcionar transporte en toda la isla.<\/p>\n\t<\/div>\n    <span class=\"button-link\">Read more<\/span>\n<\/a>\n\r\n\t\t\t\t\t\t\t\r\n\t\t\t\t\t\t<\/ul>\r\n\r\n\t\t\t\t\t<\/div>\r\n\r\n\t\t\t\t\t<div class=\"flex justify-between items-center mt-8\">\r\n\r\n\t\t\t\t\t\t\r\n\t\t\t\t\t\t\t<div>\r\n\t\t\t\t\t\t\t\t<a href=\"\/es\/servicios\/\" class=\"button-primary\">Nuestros servicios<\/a>\r\n\t\t\t\t\t\t\t<\/div>\r\n\r\n\t\t\t\t\t\t\r\n\t\t\t\t\t\t<div class=\"splide__arrows flex gap-14\">\r\n\t\t\t\t\t\t\t<button class=\"splide__arrow splide__arrow--prev\">\r\n\t\t\t\t\t\t\t\t<img decoding=\"async\" width=\"35px\" src=\"\/wp-content\/themes\/ltw-aqua\/assets\/img\/arrowLeft.svg\" alt=\"\">\r\n\t\t\t\t\t\t\t<\/button>\r\n\t\t\t\t\t\t\t<button class=\"splide__arrow splide__arrow--next\">\r\n\t\t\t\t\t\t\t\t<img decoding=\"async\" width=\"35px\" src=\"\/wp-content\/themes\/ltw-aqua\/assets\/img\/arrowRight.svg\" alt=\"\">\r\n\t\t\t\t\t\t\t<\/button>\r\n\t\t\t\t\t\t<\/div>\r\n\r\n\t\t\t\t\t<\/div>\r\n\r\n\t\t\t\t\t\t\t\t\r\n\t\t\t\t<\/div>\r\n\r\n\t\t\t\r\n\r\n\r\n\t\t\t\r\n\t\t<\/div>\r\n\r\n\t<\/div>\r\n\r\n<\/section>\n\n\n<section id=\"faqs\" class=\"block-faqs py-8 lg:py-16\">\n\n    <div class=\"\">\n                        \n                    <h2 class=\"text-center\">\n                Preguntas frecuentes sobre el ch\u00f3fer por horas en Ibiza            <\/h2>\n        \n                    <dl class=\"accordion\">\n\n                \n                    <dt class=\"accordion__button cursor-pointer font-normal pl-6 bg-gray-200 pr-20 py-3 rounded-3xl relative\">\n                        <h3 class=\"dd_accordion\">\u00bfQu\u00e9 es el servicio de ch\u00f3fer por horas en Ibiza?<\/h3>\n                    <\/dt>\n\n                    <dd class=\"accordion__content mb-3\">\n                        <div class=\"py-4\">\n                            <p>Nuestro servicio de ch\u00f3fer por horas te ofrece el lujo de contar con un conductor privado durante un n\u00famero flexible de horas. Puedes alquilar el Mercedes GLS con un ch\u00f3fer dedicado que estar\u00e1 a tu disposici\u00f3n para llevarte a donde necesites en la isla durante todo el periodo de reserva.<\/p>\n                        <\/div>\n                    <\/dd>\n\n                \n                    <dt class=\"accordion__button cursor-pointer font-normal pl-6 bg-gray-200 pr-20 py-3 rounded-3xl relative\">\n                        <h3 class=\"dd_accordion\">\u00bfCu\u00e1ntas horas puedo reservar el servicio de ch\u00f3fer por horas?<\/h3>\n                    <\/dt>\n\n                    <dd class=\"accordion__content mb-3\">\n                        <div class=\"py-4\">\n                            <p>Puedes reservar el Mercedes GLS con ch\u00f3fer privado por periodos flexibles, a partir de un m\u00ednimo de 4 horas. Elige entre 8, 12 o incluso 24 horas al d\u00eda, seg\u00fan tus necesidades y tu itinerario.<\/p>\n                        <\/div>\n                    <\/dd>\n\n                \n                    <dt class=\"accordion__button cursor-pointer font-normal pl-6 bg-gray-200 pr-20 py-3 rounded-3xl relative\">\n                        <h3 class=\"dd_accordion\">\u00bfQu\u00e9 incluye el servicio de ch\u00f3fer por horas?<\/h3>\n                    <\/dt>\n\n                    <dd class=\"accordion__content mb-3\">\n                        <div class=\"py-4\">\n                            <p>El servicio incluye recogida en el lugar que prefieras (aeropuerto o puerto), un ch\u00f3fer privado exclusivo durante toda la duraci\u00f3n del servicio y la flexibilidad para solicitar desplazamientos a diferentes destinos dentro de la franja horaria contratada.<\/p>\n                        <\/div>\n                    <\/dd>\n\n                \n                    <dt class=\"accordion__button cursor-pointer font-normal pl-6 bg-gray-200 pr-20 py-3 rounded-3xl relative\">\n                        <h3 class=\"dd_accordion\">\u00bfPuedo personalizar mi itinerario durante el servicio?<\/h3>\n                    <\/dt>\n\n                    <dd class=\"accordion__content mb-3\">\n                        <div class=\"py-4\">\n                            <p>Nuestro servicio de ch\u00f3fer por horas est\u00e1 dise\u00f1ado para ser totalmente flexible. Puedes modificar destinos o horarios durante las 12 horas, y tu ch\u00f3fer te ayudar\u00e1 a adaptarte a cualquier cambio de \u00faltima hora.<\/p>\n                        <\/div>\n                    <\/dd>\n\n                \n                    <dt class=\"accordion__button cursor-pointer font-normal pl-6 bg-gray-200 pr-20 py-3 rounded-3xl relative\">\n                        <h3 class=\"dd_accordion\">\u00bfEl servicio est\u00e1 disponible para trayectos de ida o ida y vuelta?<\/h3>\n                    <\/dt>\n\n                    <dd class=\"accordion__content mb-3\">\n                        <div class=\"py-4\">\n                            <p>S\u00ed, puedes utilizar el servicio de ch\u00f3fer por horas tanto para trayectos de ida como de ida y vuelta durante el periodo contratado, seg\u00fan tus necesidades de desplazamiento en Ibiza.<\/p>\n                        <\/div>\n                    <\/dd>\n\n                \n                    <dt class=\"accordion__button cursor-pointer font-normal pl-6 bg-gray-200 pr-20 py-3 rounded-3xl relative\">\n                        <h3 class=\"dd_accordion\">\u00bfC\u00f3mo reservo el servicio de ch\u00f3fer por horas con el Mercedes GLS?<\/h3>\n                    <\/dt>\n\n                    <dd class=\"accordion__content mb-3\">\n                        <div class=\"py-4\">\n                            <p>Solo tienes que contactarnos por internet o por tel\u00e9fono para reservar tu servicio. Indica el n\u00famero de horas que necesitas, tu lugar de recogida (aeropuerto o puerto) y confirma los detalles del servicio.<\/p>\n                        <\/div>\n                    <\/dd>\n\n                \n                    <dt class=\"accordion__button cursor-pointer font-normal pl-6 bg-gray-200 pr-20 py-3 rounded-3xl relative\">\n                        <h3 class=\"dd_accordion\">\u00bfEst\u00e1 disponible el servicio para eventos especiales o celebraciones?<\/h3>\n                    <\/dt>\n\n                    <dd class=\"accordion__content mb-3\">\n                        <div class=\"py-4\">\n                            <p>S\u00ed, nuestro servicio de ch\u00f3fer por horas es ideal para eventos especiales como bodas, aniversarios, eventos corporativos o simplemente un d\u00eda de exploraci\u00f3n por Ibiza. Ofrecemos un servicio de alto nivel a la altura de cada ocasi\u00f3n.<\/p>\n                        <\/div>\n                    <\/dd>\n\n                \n            <\/dl>\n        \n    <\/div>\n\n<\/section>\n\n\n\n<section  class=\"block-contactform wp-elements-119d505b8f5c6999dc23bfbcd70f64db alignfull has-text-color has-white-color relative grid grid-cols-4\">\n\n    <div class=\"img-container-form\">\n        <img loading=\"lazy\" decoding=\"async\" width=\"2000\" height=\"1330\" src=\"https:\/\/ibizaprivatedriver.taxi\/wp-content\/uploads\/2024\/01\/AdobeStock_5664476.jpg\" class=\"absolute inset-0 object-cover w-full h-full\" alt=\"\" srcset=\"https:\/\/ibizaprivatedriver.taxi\/wp-content\/uploads\/2024\/01\/AdobeStock_5664476.jpg 2000w, https:\/\/ibizaprivatedriver.taxi\/wp-content\/uploads\/2024\/01\/AdobeStock_5664476-480x319.jpg 480w, https:\/\/ibizaprivatedriver.taxi\/wp-content\/uploads\/2024\/01\/AdobeStock_5664476-986x656.jpg 986w, https:\/\/ibizaprivatedriver.taxi\/wp-content\/uploads\/2024\/01\/AdobeStock_5664476-768x511.jpg 768w, https:\/\/ibizaprivatedriver.taxi\/wp-content\/uploads\/2024\/01\/AdobeStock_5664476-1536x1021.jpg 1536w, https:\/\/ibizaprivatedriver.taxi\/wp-content\/uploads\/2024\/01\/AdobeStock_5664476-380x253.jpg 380w\" sizes=\"auto, (max-width: 2000px) 100vw, 2000px\">    <\/div>\n\n    <div class=\"mx-auto w-full max-w-6xl relative px-6 py-8 md:py-12 lg:py-20 col-span-4 z-10 text-center\">\n        <h2 class=\"mb-8\">Reserve ahora<\/h2><p>Disfrute de sus vacaciones en una isla de ensue\u00f1o con su ch\u00f3fer privado<\/p>\n    <\/div>\n\n\n\n<\/section>","protected":false},"excerpt":{"rendered":"","protected":false},"featured_media":1365,"parent":0,"menu_order":0,"template":"","format":"standard","meta":{"_acf_changed":false,"footnotes":""},"class_list":["post-1349","product","type-product","status-publish","format-standard","has-post-thumbnail","hentry"],"acf":[],"_links":{"self":[{"href":"https:\/\/ibizaprivatedriver.taxi\/es\/wp-json\/wp\/v2\/product\/1349","targetHints":{"allow":["GET"]}}],"collection":[{"href":"https:\/\/ibizaprivatedriver.taxi\/es\/wp-json\/wp\/v2\/product"}],"about":[{"href":"https:\/\/ibizaprivatedriver.taxi\/es\/wp-json\/wp\/v2\/types\/product"}],"version-history":[{"count":17,"href":"https:\/\/ibizaprivatedriver.taxi\/es\/wp-json\/wp\/v2\/product\/1349\/revisions"}],"predecessor-version":[{"id":1448,"href":"https:\/\/ibizaprivatedriver.taxi\/es\/wp-json\/wp\/v2\/product\/1349\/revisions\/1448"}],"wp:featuredmedia":[{"embeddable":true,"href":"https:\/\/ibizaprivatedriver.taxi\/es\/wp-json\/wp\/v2\/media\/1365"}],"wp:attachment":[{"href":"https:\/\/ibizaprivatedriver.taxi\/es\/wp-json\/wp\/v2\/media?parent=1349"}],"curies":[{"name":"wp","href":"https:\/\/api.w.org\/{rel}","templated":true}]}}