{"id":815,"date":"2024-01-18T17:10:49","date_gmt":"2024-01-18T16:10:49","guid":{"rendered":"https:\/\/ibizaprivatedriver.taxi\/product\/monovolumen\/"},"modified":"2024-04-02T14:53:00","modified_gmt":"2024-04-02T12:53:00","slug":"minivan","status":"publish","type":"product","link":"https:\/\/ibizaprivatedriver.taxi\/es\/producto\/minivan\/","title":{"rendered":"Mercedes V-Class"},"content":{"rendered":"\r\n    <div  class=\"block-mainslider alignfull relative\">\r\n        <div class=\"\">\r\n            <ul class=\"mainslider list-none m-0\">\r\n                            <li class=\"mainslider__item relative\">\r\n                                            <div class=\"mainslider__content relative z-10 h-[100vw] md:h-[685px] lg:h-[1040px] max-h-screen text-white bg-gray-900 bg-opacity-30 p-4 lg:p-12 flex flex-col gap-1 items-center justify-center\">\r\n                                                                                                    <h1 class=\"mainslider__title mx-0 mb-0 mt-10 lg:mt-0 text-center text-2xl md:text-4xl lg:text-[120px]  font-light\">\r\n                                MINIVAN                            <\/h1>\r\n                        \r\n                        \r\n                                                    <a href=\"\/es\/contacto\/\" class=\"mainslider__btn btn button-primary\">\r\n                                Reserva ahora                            <\/a>\r\n                                            <\/div>\r\n\r\n                    <picture>\r\n                        <source media=\"(max-width: 600px)\" srcset=\"\">\r\n                        <source media=\"(min-width: 1024px)\" srcset=\"https:\/\/ibizaprivatedriver.taxi\/wp-content\/uploads\/2024\/01\/PHOTO-2023-05-27-17-39-33-1.jpg\">\r\n                        <img decoding=\"async\" src=\"https:\/\/ibizaprivatedriver.taxi\/wp-content\/uploads\/2024\/01\/PHOTO-2023-05-27-17-39-33-1.jpg\" data-src=\"https:\/\/ibizaprivatedriver.taxi\/wp-content\/uploads\/2024\/01\/PHOTO-2023-05-27-17-39-33-1.jpg\" class=\"w-full h-full absolute object-cover inset-0 z-0\" alt=\"\" loading=\"eager\" fetchpriority=\"high\" data->\r\n                    <\/picture>\r\n\r\n                <\/li>\r\n                                        <\/ul>\r\n        <\/div>\r\n\r\n    <\/div>\r\n\n\n\n    <div  class=\"block-secondslider alignfull grid xl:grid-cols-3 gap-8 pt-8\">\n                                <picture>\n                        <source media=\"(max-width: 600px)\" srcset=\"\">\n                        <source media=\"(min-width: 1024px)\" srcset=\"https:\/\/ibizaprivatedriver.taxi\/wp-content\/uploads\/2024\/01\/PHOTO-2023-05-27-17-39-23.jpg\">\n                        <img decoding=\"async\" src=\"https:\/\/ibizaprivatedriver.taxi\/wp-content\/uploads\/2024\/01\/PHOTO-2023-05-27-17-39-23.jpg\" data-src=\"https:\/\/ibizaprivatedriver.taxi\/wp-content\/uploads\/2024\/01\/PHOTO-2023-05-27-17-39-23.jpg\" class=\"w-full h-full object-cover inset-0 z-0\" alt=\"\" loading=\"eager\" fetchpriority=\"high\" data->\n                    <\/picture>\n                                <picture>\n                        <source media=\"(max-width: 600px)\" srcset=\"\">\n                        <source media=\"(min-width: 1024px)\" srcset=\"https:\/\/ibizaprivatedriver.taxi\/wp-content\/uploads\/2024\/01\/PHOTO-2023-05-27-17-39-22.jpg\">\n                        <img decoding=\"async\" src=\"https:\/\/ibizaprivatedriver.taxi\/wp-content\/uploads\/2024\/01\/PHOTO-2023-05-27-17-39-22.jpg\" data-src=\"https:\/\/ibizaprivatedriver.taxi\/wp-content\/uploads\/2024\/01\/PHOTO-2023-05-27-17-39-22.jpg\" class=\"w-full h-full object-cover inset-0 z-0\" alt=\"\" loading=\"eager\" fetchpriority=\"high\" data->\n                    <\/picture>\n                                <picture>\n                        <source media=\"(max-width: 600px)\" srcset=\"\">\n                        <source media=\"(min-width: 1024px)\" srcset=\"https:\/\/ibizaprivatedriver.taxi\/wp-content\/uploads\/2024\/01\/15F3F0AD-8D79-4947-BBEC-B6D5DBCC646F.jpeg\">\n                        <img decoding=\"async\" src=\"https:\/\/ibizaprivatedriver.taxi\/wp-content\/uploads\/2024\/01\/15F3F0AD-8D79-4947-BBEC-B6D5DBCC646F.jpeg\" data-src=\"https:\/\/ibizaprivatedriver.taxi\/wp-content\/uploads\/2024\/01\/15F3F0AD-8D79-4947-BBEC-B6D5DBCC646F.jpeg\" class=\"w-full h-full object-cover inset-0 z-0\" alt=\"\" loading=\"eager\" fetchpriority=\"high\" data->\n                    <\/picture>\n            \n    <\/div>\n\n\n\n<section  class=\"py-32 block-base \"> <!-- section -->\n\n    <div data-aos=\"zoom-in-up\" class=\"\"> <!-- if is a full width section, apply container -->\n\n\t\t\t\t\t\n\t\t\t<h2 class=\"title-section col-span-1\">Informaci\u00f3n complementaria<\/h2>\n\n\t\t\n\t\t\n\t\t\t<div class=\"grid grid-cols-1 md:grid-cols-3 col-span-3 mx-4 grid-posts gap-7 \">\n\n\t\t\t\t\n\t\t\t\t\t<div class=\"col-span-1 border-solid border-l border-gray-200 pl-8 py-4 additional-info-repeater\">\n\t\t\t\t\t\t<h3 class=\"text-xl mb-4\">Resumen del coche<\/h3>\n\t\t\t\t\t\t<p>Emb\u00e1rquese en un viaje de confort y sofisticaci\u00f3n sin igual con el Mercedes MiniVan, un veh\u00edculo que personifica los viajes de lujo. Dise\u00f1ado pensando tanto en la elegancia como en la funcionalidad, es la opci\u00f3n ideal para quienes exigen lo mejor en confort, seguridad y prestaciones. Tanto si navegas por las bulliciosas calles de la ciudad como si recorres la costa, la MiniVan promete una experiencia de conducci\u00f3n sin igual.<\/p>\n\t\t\t\t\t<\/div>\n\n\t\t\t\t\n\t\t\t\t\t<div class=\"col-span-1 border-solid border-l border-gray-200 pl-8 py-4 additional-info-repeater\">\n\t\t\t\t\t\t<h3 class=\"text-xl mb-4\">Modelo monovolumen<\/h3>\n\t\t\t\t\t\t<p>\u2022 Cierre el\u00e9ctrico de puertas<br \/>\n\u2022 Persianas en puertas traseras<br \/>\n\u2022 Asientos de cuero<br \/>\n\u2022 Aire Acondicionado + Climatizador Multi Zona<br \/>\n\u2022 Nevera el\u00e9ctrica<br \/>\n\u2022 Confort Interior<br \/>\n\u2022 Elementos de Seguridad<br \/>\n\u2022 Elegancia Exterior<br \/>\n\u2022 Hasta 7 plazas<\/p>\n\t\t\t\t\t<\/div>\n\n\t\t\t\t\n\t\t\t\t\t<div class=\"col-span-1 border-solid border-l border-gray-200 pl-8 py-4 additional-info-repeater\">\n\t\t\t\t\t\t<h3 class=\"text-xl mb-4\">Servicios adicionales<\/h3>\n\t\t\t\t\t\t<p>\u2022 Eventos de empresa y reuniones de negocios<br \/>\n\u2022 Traslados al aeropuerto para grupos<br \/>\n\u2022 Bodas y ocasiones especiales<br \/>\n\u2022 Visitas personalizadas<br \/>\n\u2022 Servicios de transporte para eventos<\/p>\n\t\t\t\t\t<\/div>\n\n\t\t\t\t\n\t\t\t<\/div>\n\n\t\t\n\t\t\n\t\t\t<div class=\"text-center\">\n\t\t\t\t<a class=\"button-primary text-center mt-8\" href=\"\/es\/contacto\/\">Reservar ahora<\/a>\n\t\t\t<\/div>\n\t\t\t\n\n\t\t\n\t<\/div>\n\n<\/section>\n\n\r\n<section  class=\"!overflow-x-hidden py-32 block-base \"> <!-- section -->\r\n\r\n    <div class=\"grid grid-cols-1 xl:grid-cols-3 \"> <!-- if is a full width section, apply container -->\r\n\r\n\t\t\r\n\t\t\t<h2 data-aos=\"fade-left\" class=\"mb-4 text-[49px] lg:text-[87px] col-span-1 uppercase hyphens-auto\">\u00bfQu\u00e9 ofrecemos?<\/h2>\r\n\r\n\t\t\r\n\t\t<div class=\"col-span-2\">\r\n\r\n\t\t\t<!-- Classes grid grid-cols-1 md:grid-cols-2 mx-4 gap-8 slider-service-cards -->\r\n\t\t\t\t<div class=\"slider-service-cards splide\">\r\n\t\t\t\t\r\n\t\t\t\t\t<div class=\"splide__track\">\r\n\r\n\t\t\t\t\t\t<ul class=\"splide__list\">\r\n\r\n\t\t\t\t\t\t\t\t\t\t\t\t\t\t\t\r\n\t\t\t\t\t\t\t\t\n<a href=\"https:\/\/ibizaprivatedriver.taxi\/es\/servicio\/villas-hoteles-transfer-ibiza\/\" class=\"splide__slide border border-secondary rounded-xl bg-secondary p-8 relative flex flex-col justify-between\">\n    <img decoding=\"async\" class=\"absolute top-[-15px] right-[10%]\" src=\"https:\/\/ibizaprivatedriver.taxi\/wp-content\/themes\/ltw-aqua\/assets\/img\/star.svg\" alt=\"star\">\n    <div class=\"flex-grow\">\n        <h3 class=\"mb-4 text-xl\">Villas &amp; Hoteles Transfer Ibiza<\/h3>\n        <p class=\"mb-4 text-[16px] text-gray-700\">Tenemos experiencia trabajando para villas privadas y los hoteles de lujo de la isla. El servicio ofrec\u00eda una opci\u00f3n agradable y c\u00f3moda para grupos y familias alojados en villas.<\/p>\n\t<\/div>\n    <span class=\"button-link\">Read more<\/span>\n<\/a>\n\r\n\t\t\t\t\t\t\t\t\t\t\t\t\t\t\t\r\n\t\t\t\t\t\t\t\t\n<a href=\"https:\/\/ibizaprivatedriver.taxi\/es\/servicio\/traslados-aeropuerto-ibiza\/\" class=\"splide__slide border border-secondary rounded-xl bg-secondary p-8 relative flex flex-col justify-between\">\n    <img decoding=\"async\" class=\"absolute top-[-15px] right-[10%]\" src=\"https:\/\/ibizaprivatedriver.taxi\/wp-content\/themes\/ltw-aqua\/assets\/img\/star.svg\" alt=\"star\">\n    <div class=\"flex-grow\">\n        <h3 class=\"mb-4 text-xl\">Traslados Aeropuerto Ibiza<\/h3>\n        <p class=\"mb-4 text-[16px] text-gray-700\">Organice sus traslados privados de llegada y salida desde el Aeropuerto de Ibiza (IBZ) hasta su Hotel\/Villa Privada. Podemos proporcionar transporte en toda la isla.<\/p>\n\t<\/div>\n    <span class=\"button-link\">Read more<\/span>\n<\/a>\n\r\n\t\t\t\t\t\t\t\r\n\t\t\t\t\t\t<\/ul>\r\n\r\n\t\t\t\t\t<\/div>\r\n\r\n\t\t\t\t\t<div class=\"flex justify-between items-center mt-8\">\r\n\r\n\t\t\t\t\t\t\r\n\t\t\t\t\t\t\t<div>\r\n\t\t\t\t\t\t\t\t<a href=\"\/es\/servicios\/\" class=\"button-primary\">Nuestros servicios<\/a>\r\n\t\t\t\t\t\t\t<\/div>\r\n\r\n\t\t\t\t\t\t\r\n\t\t\t\t\t\t<div class=\"splide__arrows flex gap-14\">\r\n\t\t\t\t\t\t\t<button class=\"splide__arrow splide__arrow--prev\">\r\n\t\t\t\t\t\t\t\t<img decoding=\"async\" width=\"35px\" src=\"\/wp-content\/themes\/ltw-aqua\/assets\/img\/arrowLeft.svg\" alt=\"\">\r\n\t\t\t\t\t\t\t<\/button>\r\n\t\t\t\t\t\t\t<button class=\"splide__arrow splide__arrow--next\">\r\n\t\t\t\t\t\t\t\t<img decoding=\"async\" width=\"35px\" src=\"\/wp-content\/themes\/ltw-aqua\/assets\/img\/arrowRight.svg\" alt=\"\">\r\n\t\t\t\t\t\t\t<\/button>\r\n\t\t\t\t\t\t<\/div>\r\n\r\n\t\t\t\t\t<\/div>\r\n\r\n\t\t\t\t\t\t\t\t\r\n\t\t\t\t<\/div>\r\n\r\n\t\t\t\r\n\r\n\r\n\t\t\t\r\n\t\t<\/div>\r\n\r\n\t<\/div>\r\n\r\n<\/section>\n\n\n\n<section  class=\"block-contactform wp-elements-29097798cb5a06481837b3ed266f53b1 alignfull has-text-color has-white-color relative grid grid-cols-4\">\n\n    <div class=\"img-container-form\">\n        <img loading=\"lazy\" decoding=\"async\" width=\"2000\" height=\"1330\" src=\"https:\/\/ibizaprivatedriver.taxi\/wp-content\/uploads\/2024\/01\/AdobeStock_5664476.jpg\" class=\"absolute inset-0 object-cover w-full h-full\" alt=\"\" srcset=\"https:\/\/ibizaprivatedriver.taxi\/wp-content\/uploads\/2024\/01\/AdobeStock_5664476.jpg 2000w, https:\/\/ibizaprivatedriver.taxi\/wp-content\/uploads\/2024\/01\/AdobeStock_5664476-480x319.jpg 480w, https:\/\/ibizaprivatedriver.taxi\/wp-content\/uploads\/2024\/01\/AdobeStock_5664476-986x656.jpg 986w, https:\/\/ibizaprivatedriver.taxi\/wp-content\/uploads\/2024\/01\/AdobeStock_5664476-768x511.jpg 768w, https:\/\/ibizaprivatedriver.taxi\/wp-content\/uploads\/2024\/01\/AdobeStock_5664476-1536x1021.jpg 1536w, https:\/\/ibizaprivatedriver.taxi\/wp-content\/uploads\/2024\/01\/AdobeStock_5664476-380x253.jpg 380w\" sizes=\"auto, (max-width: 2000px) 100vw, 2000px\">    <\/div>\n\n    <div class=\"mx-auto w-full max-w-6xl relative px-6 py-8 md:py-12 lg:py-20 col-span-4 z-10 text-center\">\n        <h2 class=\"mb-8\">Reserve ahora<\/h2><p>Disfrute de sus vacaciones en una isla de ensue\u00f1o con su ch\u00f3fer privado<\/p>\n\n<div class=\"wpcf7 no-js\" id=\"wpcf7-f822-o1\" lang=\"es\" dir=\"ltr\" data-wpcf7-id=\"822\">\n<div class=\"screen-reader-response\"><p role=\"status\" aria-live=\"polite\" aria-atomic=\"true\"><\/p> <ul><\/ul><\/div>\n<form action=\"\/es\/wp-json\/wp\/v2\/product\/815#wpcf7-f822-o1\" method=\"post\" class=\"wpcf7-form init\" aria-label=\"Contact form\" novalidate=\"novalidate\" data-status=\"init\">\n<fieldset class=\"hidden-fields-container\"><input type=\"hidden\" name=\"_wpcf7\" value=\"822\" \/><input type=\"hidden\" name=\"_wpcf7_version\" value=\"6.1.5\" \/><input type=\"hidden\" name=\"_wpcf7_locale\" value=\"es\" \/><input type=\"hidden\" name=\"_wpcf7_unit_tag\" value=\"wpcf7-f822-o1\" \/><input type=\"hidden\" name=\"_wpcf7_container_post\" value=\"0\" \/><input type=\"hidden\" name=\"_wpcf7_posted_data_hash\" value=\"\" \/><input type=\"hidden\" name=\"_wpcf7_recaptcha_response\" value=\"\" \/>\n<\/fieldset>\n<div class=\"form-container\">\n<div class=\"grid grd-cols-1 md:grid-cols-3 gap-8 mb-8\"><label>  NOMBRE\n    <span class=\"wpcf7-form-control-wrap\" data-name=\"your-name\"><input size=\"40\" maxlength=\"400\" class=\"wpcf7-form-control wpcf7-text wpcf7-validates-as-required\" autocomplete=\"name\" aria-required=\"true\" aria-invalid=\"false\" value=\"\" type=\"text\" name=\"your-name\" \/><\/span> <\/label>\n\n<label>  E-MAIL\n    <span class=\"wpcf7-form-control-wrap\" data-name=\"your-email\"><input size=\"40\" maxlength=\"400\" class=\"wpcf7-form-control wpcf7-email wpcf7-validates-as-required wpcf7-text wpcf7-validates-as-email\" autocomplete=\"email\" aria-required=\"true\" aria-invalid=\"false\" value=\"\" type=\"email\" name=\"your-email\" \/><\/span> <\/label>\n\n<label>  N\u00daMERO DE TEL\u00c9FONO\n    <span class=\"wpcf7-form-control-wrap\" data-name=\"your-phone\"><input size=\"40\" maxlength=\"400\" class=\"wpcf7-form-control wpcf7-tel wpcf7-validates-as-required wpcf7-text wpcf7-validates-as-tel\" aria-required=\"true\" aria-invalid=\"false\" value=\"\" type=\"tel\" name=\"your-phone\" \/><\/span> <\/label>\n<\/div>\n<div class=\"mb-8\">\n<label>  MENSAJE (opcional)\n    <span class=\"wpcf7-form-control-wrap\" data-name=\"your-message\"><textarea cols=\"40\" rows=\"10\" maxlength=\"2000\" class=\"wpcf7-form-control wpcf7-textarea\" aria-invalid=\"false\" name=\"your-message\"><\/textarea><\/span> <\/label>\n<\/div>\n<div class=\"submit-button\">\n<input class=\"wpcf7-form-control wpcf7-submit has-spinner\" type=\"submit\" value=\"Enviar\" \/>\n<\/div>\n<\/div><div class=\"wpcf7-response-output\" aria-hidden=\"true\"><\/div>\n<\/form>\n<\/div>\n    <\/div>\n\n\n\n<\/section>","protected":false},"excerpt":{"rendered":"","protected":false},"featured_media":874,"parent":0,"menu_order":0,"template":"","format":"standard","meta":{"_acf_changed":false,"footnotes":""},"class_list":["post-815","product","type-product","status-publish","format-standard","has-post-thumbnail","hentry"],"acf":[],"_links":{"self":[{"href":"https:\/\/ibizaprivatedriver.taxi\/es\/wp-json\/wp\/v2\/product\/815","targetHints":{"allow":["GET"]}}],"collection":[{"href":"https:\/\/ibizaprivatedriver.taxi\/es\/wp-json\/wp\/v2\/product"}],"about":[{"href":"https:\/\/ibizaprivatedriver.taxi\/es\/wp-json\/wp\/v2\/types\/product"}],"version-history":[{"count":0,"href":"https:\/\/ibizaprivatedriver.taxi\/es\/wp-json\/wp\/v2\/product\/815\/revisions"}],"wp:featuredmedia":[{"embeddable":true,"href":"https:\/\/ibizaprivatedriver.taxi\/es\/wp-json\/wp\/v2\/media\/874"}],"wp:attachment":[{"href":"https:\/\/ibizaprivatedriver.taxi\/es\/wp-json\/wp\/v2\/media?parent=815"}],"curies":[{"name":"wp","href":"https:\/\/api.w.org\/{rel}","templated":true}]}}